{"id":457,"date":"2020-12-20T12:28:33","date_gmt":"2020-12-20T11:28:33","guid":{"rendered":"https:\/\/www.warung-indonesia.be\/?page_id=457"},"modified":"2021-01-02T18:47:55","modified_gmt":"2021-01-02T17:47:55","slug":"reseaux-sociaux","status":"publish","type":"page","link":"https:\/\/www.warung-indonesia.be\/index.php\/reseaux-sociaux\/","title":{"rendered":"Facebook Feed"},"content":{"rendered":"\t\t<div data-elementor-type=\"wp-page\" data-elementor-id=\"457\" class=\"elementor elementor-457\" data-elementor-settings=\"[]\">\n\t\t\t\t\t\t<div class=\"elementor-inner\">\n\t\t\t\t\t\t\t<div class=\"elementor-section-wrap\">\n\t\t\t\t\t\t\t<section class=\"elementor-section elementor-top-section elementor-element elementor-element-b8a9152 elementor-section-content-middle elementor-section-boxed elementor-section-height-default elementor-section-height-default elementor-invisible\" data-id=\"b8a9152\" data-element_type=\"section\" data-settings=\"{&quot;animation&quot;:&quot;slideInRight&quot;}\">\n\t\t\t\t\t\t<div class=\"elementor-container elementor-column-gap-default\">\n\t\t\t\t\t\t\t<div class=\"elementor-row\">\n\t\t\t\t\t<div class=\"elementor-column elementor-col-100 elementor-top-column elementor-element elementor-element-d8c1463\" data-id=\"d8c1463\" data-element_type=\"column\">\n\t\t\t<div class=\"elementor-column-wrap elementor-element-populated\">\n\t\t\t\t\t\t\t<div class=\"elementor-widget-wrap\">\n\t\t\t\t\t\t<div class=\"elementor-element elementor-element-c5a0c76 elementor-invisible elementor-widget elementor-widget-eael-facebook-feed\" data-id=\"c5a0c76\" data-element_type=\"widget\" data-settings=\"{&quot;_animation&quot;:&quot;slideInRight&quot;}\" data-widget_type=\"eael-facebook-feed.default\">\n\t\t\t\t<div class=\"elementor-widget-container\">\n\t\t\t        <div class=\"eael-facebook-feed eael-col-1 eael-facebook-feed-card\" id=\"eael-facebook-feed-c5a0c76\">\n                    <\/div>\n        <div class=\"clearfix\"><\/div>\n                    <div class=\"eael-load-more-button-wrap\">\n                <button class=\"eael-load-more-button\" id=\"eael-load-more-btn-c5a0c76\" data-widget-id=\"c5a0c76\" data-post-id=\"457\" data-page=\"1\">\n                    <div class=\"eael-btn-loader button__loader\"><\/div>\n                    <span>Load More<\/span>\n                <\/button>\n            <\/div>\n            \t\t<\/div>\n\t\t\t\t<\/div>\n\t\t\t\t\t\t<\/div>\n\t\t\t\t\t<\/div>\n\t\t<\/div>\n\t\t\t\t\t\t\t\t<\/div>\n\t\t\t\t\t<\/div>\n\t\t<\/section>\n\t\t\t\t\t\t<\/div>\n\t\t\t\t\t\t<\/div>\n\t\t\t\t\t<\/div>\n\t\t","protected":false},"excerpt":{"rendered":"<p>Warung Indonesia Belgium 01 Jan 2021 On est ouvert ce week-end !!! A bon entendeur, salut. Warung Indonesia Belgium 30 Dec 2020 Et comme cerise sur le g\u00e2teau, pour toute commande de plus de 100 euros, bouteille de bulles offerte !!! Pendant les f\u00eates uniquement off-course&#8230; Warung Indonesia Belgium 30 Dec 2020 Hello. Derni\u00e8res commandes &hellip; <\/p>\n<p class=\"link-more\"><a href=\"https:\/\/www.warung-indonesia.be\/index.php\/reseaux-sociaux\/\" class=\"more-link\">Continuer la lecture<span class=\"screen-reader-text\"> de &laquo;&nbsp;Facebook Feed&nbsp;&raquo;<\/span><\/a><\/p>\n","protected":false},"author":1,"featured_media":0,"parent":0,"menu_order":0,"comment_status":"closed","ping_status":"closed","template":"","meta":{"footnotes":""},"yoast_head":"<!-- This site is optimized with the Yoast SEO plugin v15.7 - https:\/\/yoast.com\/wordpress\/plugins\/seo\/ -->\n<title>Facebook Feed - Warung Indonesia<\/title>\n<meta name=\"robots\" content=\"index, follow, max-snippet:-1, max-image-preview:large, max-video-preview:-1\" \/>\n<link rel=\"canonical\" href=\"https:\/\/www.warung-indonesia.be\/index.php\/reseaux-sociaux\/\" \/>\n<meta property=\"og:locale\" content=\"fr_FR\" \/>\n<meta property=\"og:type\" content=\"article\" \/>\n<meta property=\"og:title\" content=\"Facebook Feed - Warung Indonesia\" \/>\n<meta property=\"og:description\" content=\"Warung Indonesia Belgium 01 Jan 2021 On est ouvert ce week-end !!! A bon entendeur, salut. Warung Indonesia Belgium 30 Dec 2020 Et comme cerise sur le g\u00e2teau, pour toute commande de plus de 100 euros, bouteille de bulles offerte !!! Pendant les f\u00eates uniquement off-course&#8230; Warung Indonesia Belgium 30 Dec 2020 Hello. Derni\u00e8res commandes &hellip; Continuer la lecture de &laquo;&nbsp;Facebook Feed&nbsp;&raquo;\" \/>\n<meta property=\"og:url\" content=\"https:\/\/www.warung-indonesia.be\/index.php\/reseaux-sociaux\/\" \/>\n<meta property=\"og:site_name\" content=\"Warung Indonesia\" \/>\n<meta property=\"article:publisher\" content=\"https:\/\/www.facebook.com\/WarungIndonesiaBelgium\" \/>\n<meta property=\"article:modified_time\" content=\"2021-01-02T17:47:55+00:00\" \/>\n<meta property=\"og:image\" content=\"https:\/\/graph.facebook.com\/v4.0\/110254080834661\/picture\" \/>\n<meta name=\"twitter:card\" content=\"summary_large_image\" \/>\n<meta name=\"twitter:label1\" content=\"Dur\u00e9e de lecture est.\">\n\t<meta name=\"twitter:data1\" content=\"1 minute\">\n<script type=\"application\/ld+json\" class=\"yoast-schema-graph\">{\"@context\":\"https:\/\/schema.org\",\"@graph\":[{\"@type\":\"Organization\",\"@id\":\"https:\/\/www.warung-indonesia.be\/#organization\",\"name\":\"Warung Indonesia\",\"url\":\"https:\/\/www.warung-indonesia.be\/\",\"sameAs\":[\"https:\/\/www.facebook.com\/WarungIndonesiaBelgium\"],\"logo\":{\"@type\":\"ImageObject\",\"@id\":\"https:\/\/www.warung-indonesia.be\/#logo\",\"inLanguage\":\"fr-FR\",\"url\":\"https:\/\/www.warung-indonesia.be\/wp-content\/uploads\/2020\/12\/cropped-logocircal.jpg.jpg.jpeg\",\"width\":250,\"height\":250,\"caption\":\"Warung Indonesia\"},\"image\":{\"@id\":\"https:\/\/www.warung-indonesia.be\/#logo\"}},{\"@type\":\"WebSite\",\"@id\":\"https:\/\/www.warung-indonesia.be\/#website\",\"url\":\"https:\/\/www.warung-indonesia.be\/\",\"name\":\"Warung Indonesia\",\"description\":\"REAL INDONESIAN STREET FOOD\",\"publisher\":{\"@id\":\"https:\/\/www.warung-indonesia.be\/#organization\"},\"potentialAction\":[{\"@type\":\"SearchAction\",\"target\":\"https:\/\/www.warung-indonesia.be\/?s={search_term_string}\",\"query-input\":\"required name=search_term_string\"}],\"inLanguage\":\"fr-FR\"},{\"@type\":\"ImageObject\",\"@id\":\"https:\/\/www.warung-indonesia.be\/index.php\/reseaux-sociaux\/#primaryimage\",\"inLanguage\":\"fr-FR\",\"url\":\"https:\/\/graph.facebook.com\/v4.0\/110254080834661\/picture\"},{\"@type\":\"WebPage\",\"@id\":\"https:\/\/www.warung-indonesia.be\/index.php\/reseaux-sociaux\/#webpage\",\"url\":\"https:\/\/www.warung-indonesia.be\/index.php\/reseaux-sociaux\/\",\"name\":\"Facebook Feed - Warung Indonesia\",\"isPartOf\":{\"@id\":\"https:\/\/www.warung-indonesia.be\/#website\"},\"primaryImageOfPage\":{\"@id\":\"https:\/\/www.warung-indonesia.be\/index.php\/reseaux-sociaux\/#primaryimage\"},\"datePublished\":\"2020-12-20T11:28:33+00:00\",\"dateModified\":\"2021-01-02T17:47:55+00:00\",\"inLanguage\":\"fr-FR\",\"potentialAction\":[{\"@type\":\"ReadAction\",\"target\":[\"https:\/\/www.warung-indonesia.be\/index.php\/reseaux-sociaux\/\"]}]}]}<\/script>\n<!-- \/ Yoast SEO plugin. -->","_links":{"self":[{"href":"https:\/\/www.warung-indonesia.be\/index.php\/wp-json\/wp\/v2\/pages\/457"}],"collection":[{"href":"https:\/\/www.warung-indonesia.be\/index.php\/wp-json\/wp\/v2\/pages"}],"about":[{"href":"https:\/\/www.warung-indonesia.be\/index.php\/wp-json\/wp\/v2\/types\/page"}],"author":[{"embeddable":true,"href":"https:\/\/www.warung-indonesia.be\/index.php\/wp-json\/wp\/v2\/users\/1"}],"replies":[{"embeddable":true,"href":"https:\/\/www.warung-indonesia.be\/index.php\/wp-json\/wp\/v2\/comments?post=457"}],"version-history":[{"count":0,"href":"https:\/\/www.warung-indonesia.be\/index.php\/wp-json\/wp\/v2\/pages\/457\/revisions"}],"wp:attachment":[{"href":"https:\/\/www.warung-indonesia.be\/index.php\/wp-json\/wp\/v2\/media?parent=457"}],"curies":[{"name":"wp","href":"https:\/\/api.w.org\/{rel}","templated":true}]}}